{"id":82,"date":"2011-08-03T18:04:19","date_gmt":"2011-08-03T16:04:19","guid":{"rendered":"http:\/\/www.enawenenawe.com\/?page_id=82"},"modified":"2012-02-11T17:45:53","modified_gmt":"2012-02-11T16:45:53","slug":"dangers","status":"publish","type":"page","link":"https:\/\/www.enawenenawe.com\/pt\/dangers\/","title":{"rendered":"Perigos"},"content":{"rendered":"<p><\/p>\n<p><p><strong>Perigos..<\/strong><\/p>\n<p><img loading=\"lazy\" class=\"aligncenter size-full wp-image-11\" title=\"Tribe\" src=\"http:\/\/www.enawenenawe.com\/wp-content\/uploads\/2011\/05\/111_0041.jpg\" alt=\"\" width=\"580\" height=\"178\" srcset=\"https:\/\/www.enawenenawe.com\/wp-content\/uploads\/2011\/05\/111_0041.jpg 651w, https:\/\/www.enawenenawe.com\/wp-content\/uploads\/2011\/05\/111_0041-300x92.jpg 300w, https:\/\/www.enawenenawe.com\/wp-content\/uploads\/2011\/05\/111_0041-650x199.jpg 650w\" sizes=\"(max-width: 580px) 100vw, 580px\" \/><\/p>\n<p>As situa\u00e7\u00f5es problem\u00e1ticas na \u00e1rea indig\u00eana s\u00e3o muitas, desde a presen\u00e7a dos \u201c garimpeiros \u201c que entram nas suas terras para extrair os minerais preciosos, e dos \u201cseringueiros \u201cque v\u00e3o extrair o l\u00e1tex das in\u00fameras \u00e1rvores presentes na \u00e1rea e por fim, aos \u201c fazendeiros \u201c que, com a autoriza\u00e7\u00e3o do Governo, est\u00e3o desmatando, com uma velocidade impressionante, toda a \u00e1rea nas fronteiras com os seus territ\u00f3rios e, muitas vezes, ultrapassando tamb\u00e9m as fronteiras das suas terras, para semear e cultivar planta\u00e7\u00f5es de soja a perder de vista, ou usando a \u00e1rea desmatada para criar gado: o mundo inteiro tem uma urgente necessidade de carne e de soja e os herbicidas usados pelos fazendeiros j\u00e1 est\u00e3o poluindo as \u00e1guas dos rios que s\u00e3o a vida para os Enawene-Nawe.<\/p>\n<p>Os planos de desenvolvimento do governo\u00a0 prev\u00eaem a \u201cconstru\u00e7\u00e3o de usinas hidrel\u00e9tricas\u201d dentro dos seus territ\u00f3rios.\u00a0 Essas \u201cusinas\u201d poluem os \u00a0rios onde esse povo pesca habitualmente.<\/p>\n<p>Mais usinas aparecer\u00e3o (est\u00e3o previstas cerca de<\/p>\n<p>70 ), mais o peixe \u2013 a sua unica fonte proteica &#8211; diminuir\u00e1.<\/p>\n<p>E&#8217; portanto urgente para os Enawene-Nawe obter a \u201c Demarca\u00e7\u00e3o do territ\u00f3rio\u201d\u00a0 na regi\u00e3o do Rio Preto ou Rio Adowina onde est\u00e3o as suas origens ancestrais, pelo qual\u00a0 lutam h\u00e1 muitos anos.<\/p>\n<\/p>\n<p><\/p>","protected":false},"excerpt":{"rendered":"<p>Perigos.. As situa\u00e7\u00f5es problem\u00e1ticas na \u00e1rea indig\u00eana s\u00e3o muitas, desde a presen\u00e7a dos \u201c garimpeiros \u201c que entram nas suas terras para extrair os minerais preciosos, e dos \u201cseringueiros \u201cque v\u00e3o extrair o l\u00e1tex das in\u00fameras \u00e1rvores presentes na \u00e1rea e por fim, aos \u201c fazendeiros \u201c que, com a autoriza\u00e7\u00e3o do Governo, est\u00e3o desmatando, [&hellip;]<\/p>\n","protected":false},"author":2,"featured_media":0,"parent":0,"menu_order":0,"comment_status":"open","ping_status":"open","template":"template-featured.php","meta":[],"_links":{"self":[{"href":"https:\/\/www.enawenenawe.com\/pt\/wp-json\/wp\/v2\/pages\/82"}],"collection":[{"href":"https:\/\/www.enawenenawe.com\/pt\/wp-json\/wp\/v2\/pages"}],"about":[{"href":"https:\/\/www.enawenenawe.com\/pt\/wp-json\/wp\/v2\/types\/page"}],"author":[{"embeddable":true,"href":"https:\/\/www.enawenenawe.com\/pt\/wp-json\/wp\/v2\/users\/2"}],"replies":[{"embeddable":true,"href":"https:\/\/www.enawenenawe.com\/pt\/wp-json\/wp\/v2\/comments?post=82"}],"version-history":[{"count":11,"href":"https:\/\/www.enawenenawe.com\/pt\/wp-json\/wp\/v2\/pages\/82\/revisions"}],"predecessor-version":[{"id":370,"href":"https:\/\/www.enawenenawe.com\/pt\/wp-json\/wp\/v2\/pages\/82\/revisions\/370"}],"wp:attachment":[{"href":"https:\/\/www.enawenenawe.com\/pt\/wp-json\/wp\/v2\/media?parent=82"}],"curies":[{"name":"wp","href":"https:\/\/api.w.org\/{rel}","templated":true}]}}